{"id":283,"date":"2017-02-21T18:07:09","date_gmt":"2017-02-21T18:07:09","guid":{"rendered":"http:\/\/jeanmichel-olite.fr\/?page_id=283"},"modified":"2017-02-28T08:34:03","modified_gmt":"2017-02-28T08:34:03","slug":"tarifs","status":"publish","type":"page","link":"https:\/\/jeanmichel-olite.fr\/index.php\/tarifs\/","title":{"rendered":"Tarifs"},"content":{"rendered":"<p><strong>Prises de vues<\/strong><\/p>\n<p>Tarif Horraire: 70\u20ac<br \/>\nTarif 1\/2 Journ\u00e9e (4h): 250\u20ac<br \/>\nTarif Journ\u00e9e (8h) : 500\u20ac<\/p>\n<p><strong>Portraits<\/strong><\/p>\n<p>Prises de vues (hors tirage): 50\u20ac<br \/>\nTirages A3: 10\u20ac en tirage standards, 17\u20ac en Fine Art<\/p>\n<p><strong>Impressions<\/strong><\/p>\n<p>Impressions standards (brilland, lustr\u00e9 ou mat)<br \/>\nA5 (15&#215;20): 4\u20ac<br \/>\nA4 (20&#215;30): 6\u20ac<br \/>\nA3 (30&#215;45): 10\u20ac<br \/>\nA2 (40&#215;60): 20\u20ac<br \/>\nA1 (60&#215;80): 40\u20ac<\/p>\n<p>Impressions Fine-Art (baryt\u00e9s, papiers \u00e9pais)<br \/>\nA5 (15&#215;20): 7\u20ac<br \/>\nA4 (20&#215;30): 10\u20ac<br \/>\nA3 (30&#215;45): 17\u20ac<br \/>\nA2 (40&#215;60): 30\u20ac<br \/>\nA1 (60&#215;80): 60\u20ac<\/p>\n<p><strong>Contre-collages sur Dibond<\/strong><\/p>\n<p>30&#215;45: 20\u20ac<br \/>\n40&#215;60: 30\u20ac<br \/>\n60&#215;80: 40\u20ac<\/p>\n<p><strong>Caisses Am\u00e9ricaines<\/strong><\/p>\n<p>30&#215;45: 20\u20ac<br \/>\n40&#215;60: 30\u20ac<br \/>\n60&#215;80: 40\u20ac<\/p>\n<p>Repro de photos anciennes<strong><\/p>\n<p>Scan + retouche + impression inf\u00e9rieur ou \u00e9gal \u00e0 13&#215;18 : 6\u20ac<br \/>\nScan + retouche + impression inf\u00e9rieur ou \u00e9gal \u00e0 20&#215;30 : 10\u20ac<\/p>\n","protected":false},"excerpt":{"rendered":"<p>Prises de vues Tarif Horraire: 70\u20ac Tarif 1\/2 Journ\u00e9e (4h): 250\u20ac Tarif Journ\u00e9e (8h) : 500\u20ac Portraits Prises de vues (hors tirage): 50\u20ac Tirages A3: 10\u20ac en tirage standards, 17\u20ac en Fine Art Impressions Impressions standards (brilland, lustr\u00e9 ou mat)<\/p>\n","protected":false},"author":1,"featured_media":0,"parent":0,"menu_order":0,"comment_status":"closed","ping_status":"closed","template":"","meta":[],"_links":{"self":[{"href":"https:\/\/jeanmichel-olite.fr\/index.php\/wp-json\/wp\/v2\/pages\/283"}],"collection":[{"href":"https:\/\/jeanmichel-olite.fr\/index.php\/wp-json\/wp\/v2\/pages"}],"about":[{"href":"https:\/\/jeanmichel-olite.fr\/index.php\/wp-json\/wp\/v2\/types\/page"}],"author":[{"embeddable":true,"href":"https:\/\/jeanmichel-olite.fr\/index.php\/wp-json\/wp\/v2\/users\/1"}],"replies":[{"embeddable":true,"href":"https:\/\/jeanmichel-olite.fr\/index.php\/wp-json\/wp\/v2\/comments?post=283"}],"version-history":[{"count":4,"href":"https:\/\/jeanmichel-olite.fr\/index.php\/wp-json\/wp\/v2\/pages\/283\/revisions"}],"predecessor-version":[{"id":345,"href":"https:\/\/jeanmichel-olite.fr\/index.php\/wp-json\/wp\/v2\/pages\/283\/revisions\/345"}],"wp:attachment":[{"href":"https:\/\/jeanmichel-olite.fr\/index.php\/wp-json\/wp\/v2\/media?parent=283"}],"curies":[{"name":"wp","href":"https:\/\/api.w.org\/{rel}","templated":true}]}}