{"id":65,"date":"2015-12-21T19:07:07","date_gmt":"2015-12-21T19:07:07","guid":{"rendered":"http:\/\/jeanmichel-olite.fr\/?page_id=65"},"modified":"2017-02-28T08:56:14","modified_gmt":"2017-02-28T08:56:14","slug":"a-propos","status":"publish","type":"page","link":"https:\/\/jeanmichel-olite.fr\/index.php\/a-propos\/","title":{"rendered":"A propos"},"content":{"rendered":"<div id=\"pl-65\"  class=\"panel-layout\" ><div id=\"pg-65-0\"  class=\"panel-grid panel-has-style\" ><div class=\"siteorigin-panels-stretch panel-row-style panel-row-style-for-65-0\" data-stretch-type=\"full\" ><div id=\"pgc-65-0-0\"  class=\"panel-grid-cell\" ><div id=\"panel-65-0-0-0\" class=\"so-panel widget widget_sow-image panel-first-child panel-last-child\" data-index=\"0\" ><div class=\"panel-widget-style panel-widget-style-for-65-0-0-0\" ><div class=\"so-widget-sow-image so-widget-sow-image-default-d6014b76747a-65\">\n\n<div class=\"sow-image-container\">\n\t\t<img src=\"https:\/\/jeanmichel-olite.fr\/wp-content\/uploads\/2015\/12\/IMG_0456.png\" width=\"784\" height=\"764\" srcset=\"https:\/\/jeanmichel-olite.fr\/wp-content\/uploads\/2015\/12\/IMG_0456.png 784w, https:\/\/jeanmichel-olite.fr\/wp-content\/uploads\/2015\/12\/IMG_0456-300x292.png 300w, https:\/\/jeanmichel-olite.fr\/wp-content\/uploads\/2015\/12\/IMG_0456-768x748.png 768w\" sizes=\"(max-width: 784px) 100vw, 784px\" title=\"img_0456\" alt=\"\" loading=\"lazy\" \t\tclass=\"so-widget-image\"\/>\n\t<\/div>\n\n<\/div><\/div><\/div><\/div><div id=\"pgc-65-0-1\"  class=\"panel-grid-cell\" ><div id=\"panel-65-0-1-0\" class=\"so-panel widget widget_sow-editor panel-first-child panel-last-child\" data-index=\"1\" ><div class=\"so-widget-sow-editor so-widget-sow-editor-base\">\n<div class=\"siteorigin-widget-tinymce textwidget\">\n\t<p><em>Bienvenue sur mon site web.<br \/><\/em><\/p>\n<p>Install\u00e9 \u00e0 Saint-Nazaire depuis plus de dix ans, je suis pr\u00eat \u00e0 r\u00e9pondre \u00e0 tous vos projets photographiques.<\/p>\n<p>Photographe pour les entreprises et les particuliers: Industrie, Architecture, \u00c9v\u00e8nementiel, Portraits, Reportages, etc.<\/p>\n<p>Certifi\u00e9 Digigraphie par Epson, je r\u00e9alise vos impressions avec la m\u00eame exigence de qualit\u00e9 sur de nombreux supports: Papiers standards, brillants, Lustrer, mat, Baryt\u00e9 \"Fine Art\"<\/p>\n<p>N'h\u00e9sitez pas \u00e0 consulter mes tarifs sur ce lien: Tarifs . Bien s\u00fbr je vous propose aussi un devis gratuit et sans engagement pour vos demandes plus particuli\u00e8res.<\/p>\n<p>Bonne visite! \ud83d\ude42<\/p>\n<\/div>\n<\/div><\/div><\/div><\/div><\/div><\/div>","protected":false},"excerpt":{"rendered":"<p>Bienvenue sur mon site web.Install\u00e9 \u00e0 Saint-Nazaire depuis plus de dix ans, je suis pr\u00eat \u00e0 r\u00e9pondre \u00e0 tous vos projets photographiques.Photographe pour les entreprises et les particuliers: Industrie, Architecture, \u00c9v\u00e8nementiel, Portraits, Reportages, etc.Certifi\u00e9 Digigraphie par Epson, je r\u00e9alise vos<\/p>\n","protected":false},"author":1,"featured_media":0,"parent":0,"menu_order":0,"comment_status":"closed","ping_status":"closed","template":"","meta":[],"_links":{"self":[{"href":"https:\/\/jeanmichel-olite.fr\/index.php\/wp-json\/wp\/v2\/pages\/65"}],"collection":[{"href":"https:\/\/jeanmichel-olite.fr\/index.php\/wp-json\/wp\/v2\/pages"}],"about":[{"href":"https:\/\/jeanmichel-olite.fr\/index.php\/wp-json\/wp\/v2\/types\/page"}],"author":[{"embeddable":true,"href":"https:\/\/jeanmichel-olite.fr\/index.php\/wp-json\/wp\/v2\/users\/1"}],"replies":[{"embeddable":true,"href":"https:\/\/jeanmichel-olite.fr\/index.php\/wp-json\/wp\/v2\/comments?post=65"}],"version-history":[{"count":22,"href":"https:\/\/jeanmichel-olite.fr\/index.php\/wp-json\/wp\/v2\/pages\/65\/revisions"}],"predecessor-version":[{"id":348,"href":"https:\/\/jeanmichel-olite.fr\/index.php\/wp-json\/wp\/v2\/pages\/65\/revisions\/348"}],"wp:attachment":[{"href":"https:\/\/jeanmichel-olite.fr\/index.php\/wp-json\/wp\/v2\/media?parent=65"}],"curies":[{"name":"wp","href":"https:\/\/api.w.org\/{rel}","templated":true}]}}